{"id":52,"date":"2015-06-25T17:40:13","date_gmt":"2015-06-25T15:40:13","guid":{"rendered":"http:\/\/veggieblog.lmi-cloud.de\/?page_id=52"},"modified":"2022-10-31T17:39:58","modified_gmt":"2022-10-31T16:39:58","slug":"impressum","status":"publish","type":"page","link":"https:\/\/blog.veggie-freivon.de\/index.php\/impressum\/","title":{"rendered":"Impressum"},"content":{"rendered":"<div id=\"c1786\" class=\"clr frame frame-default frame-type-list frame-layout-0 frame-hasHeaderText\">\n<div id=\"c383\" class=\"clr frame frame-default frame-type-textmedia frame-layout-0 frame-hasBodyText frame-hasHeaderText\">\n<div class=\"ce-textpic ce-center ce-above\">\n<div class=\"ce-bodytext\">\n<p><strong>Anbieter<\/strong><\/p>\n<p>Landesmesse Stuttgart GmbH<\/p>\n<p><strong>Hausanschrift<\/strong><\/p>\n<p>Messepiazza 1<br \/>\n70629 Stuttgart<\/p>\n<p><strong>Kontakt<\/strong><\/p>\n<p>Tel.: +49 711 18560-0<br \/>\nFax: +49 711 18560-2440<br \/>\n<a class=\"icon-mail\">info(at)messe-stuttgart.de<\/a><\/p>\n<p><strong>Vertretungsberechtigte<\/strong><\/p>\n<p>Die Landesmesse Stuttgart GmbH wird gesetzlich vertreten durch die Gesch\u00e4ftsf\u00fchrung:<br \/>\nRoland Bleinroth, Gesch\u00e4ftsf\u00fchrer<br \/>\nStefan Lohnert, Gesch\u00e4ftsf\u00fchrer<\/p>\n<p><strong>Vorsitzende des Aufsichtsrates<\/strong><\/p>\n<p>Thomas Fuhrmann, B\u00fcrgermeister<\/p>\n<p><strong>Sitz und Registereintragung<\/strong><\/p>\n<p>Landesmesse Stuttgart GmbH<br \/>\nSitz: Stuttgart<br \/>\nAmtsgericht Stuttgart HR B 585<\/p>\n<p><strong>Umsatzsteuer-Identifikationsnummer<\/strong><\/p>\n<p>USt-IdNr.: DE 147 866426<\/p>\n<p><strong>Verantwortlicher i.S. von \u00a7 55 Abs. 2 RStV<\/strong><\/p>\n<p>Stefanie Kromer<br \/>\nLeiterin Unternehmenskommunikation<br \/>\nUnternehmenssprecherin<\/p>\n<p>Messepiazza 1<br \/>\n70629 Stuttgart<\/p>\n<\/div>\n<\/div>\n<\/div>\n<\/div>\n<div id=\"c1782\" class=\"clr frame frame-default frame-type-list frame-layout-0 frame-hasHeaderText\">\n<div id=\"c384\" class=\"clr frame frame-default frame-type-textmedia frame-layout-0 frame-hasBodyText frame-hasHeaderText\">\n<h2 class=\"\">Rechtliche Hinweise<\/h2>\n<div class=\"ce-textpic ce-center ce-above\">\n<div class=\"ce-bodytext\">\n<p><strong>Copyright<\/strong><\/p>\n<p>Alle Rechte vorbehalten. Die Inhalte und die Struktur dieser Webseiten sind urheberrechtlich gesch\u00fctzt. Die Verwendung von Informationen, insbesondere von Texten, Bildern, Grafiken, Animationen und Videos bed\u00fcrfen, soweit solche Inhalte nicht ausdr\u00fccklich zur Weiterverwendung angeboten werden, der vorherigen Zustimmung der Landesmesse Stuttgart GmbH. Wir weisen darauf hin, dass auf den Webseiten enthaltene Bilder teilweise dem Urheberrecht Dritter unterliegen.<\/p>\n<p><strong>Haftung f\u00fcr Inhalte<\/strong><\/p>\n<p>Die Inhalte der Internetseiten der Messe Stuttgart werden mit gr\u00f6\u00dfter Sorgfalt erstellt. Die Landesmesse Stuttgart GmbH \u00fcbernimmt keinerlei Gew\u00e4hr f\u00fcr die Aktualit\u00e4t, Korrektheit und Vollst\u00e4ndigkeit der bereitgestellten Informationen. Jede Haftung im Zusammenhang mit der Nutzung der Informationen oder dem Vertrauen auf deren Richtigkeit ist ausgeschlossen, sofern seitens der Landesmesse Stuttgart GmbH kein nachweislich vors\u00e4tzliches oder grob fahrl\u00e4ssiges Verhalten vorliegt.<\/p>\n<p><strong>Information zur Online-Streitbeilegung<\/strong><\/p>\n<p>Unabh\u00e4ngig von unserer Teilnahme an einem Verfahren zur alternativen Streitbeilegung sind wir gesetzlichen verpflichtet Sie dar\u00fcber zu informieren, dass die Europ\u00e4ische Kommission eine Plattform zur Online-Streitbeilegung (OS) eingerichtet hat zur au\u00dfergerichtlichen Beilegung von verbraucherrechtlichen Streitigkeiten. Die Plattform ist unter \u00a0<a href=\"http:\/\/ec.europa.eu\/consumers\/odr\/\" target=\"_blank\" rel=\"noopener noreferrer\">http:\/\/ec.europa.eu\/consumers\/odr\/<\/a>\u00a0erreichbar.<\/p>\n<p>Die Messe Stuttgart wird nicht an einem an Streitbeilegungsverfahren vor einer Verbraucherschlichtungsstelle teilnehmen.<\/p>\n<p><strong>Hinweis zum Allgemeinen Gleichbehandlungsgesetz (AGG)<\/strong><\/p>\n<p>Aus Gr\u00fcnden der leichteren Lesbarkeit wird auf unseren Webseiten auf eine geschlechterspezifische Differenzierung verzichtet. Entsprechende Begriffe gelten im Sinne der Gleichbehandlung f\u00fcr alle\u00a0Geschlechter.<\/p>\n<\/div>\n<\/div>\n<\/div>\n<\/div>\n","protected":false},"excerpt":{"rendered":"<p>Anbieter Landesmesse Stuttgart GmbH Hausanschrift Messepiazza 1 70629 Stuttgart Kontakt Tel.: +49 711 18560-0 Fax: +49 711 18560-2440 info(at)messe-stuttgart.de Vertretungsberechtigte Die Landesmesse Stuttgart GmbH wird gesetzlich vertreten durch die Gesch\u00e4ftsf\u00fchrung: Roland Bleinroth, Gesch\u00e4ftsf\u00fchrer Stefan Lohnert, Gesch\u00e4ftsf\u00fchrer Vorsitzende des Aufsichtsrates Thomas&#8230; <a class=\"more-link\" href=\"https:\/\/blog.veggie-freivon.de\/index.php\/impressum\/\">Weiterlesen &rarr;<\/a><\/p>\n","protected":false},"author":12,"featured_media":0,"parent":0,"menu_order":0,"comment_status":"open","ping_status":"open","template":"","meta":{"ngg_post_thumbnail":0,"footnotes":""},"class_list":["post-52","page","type-page","status-publish","hentry"],"jetpack_sharing_enabled":true,"_links":{"self":[{"href":"https:\/\/blog.veggie-freivon.de\/index.php\/wp-json\/wp\/v2\/pages\/52","targetHints":{"allow":["GET"]}}],"collection":[{"href":"https:\/\/blog.veggie-freivon.de\/index.php\/wp-json\/wp\/v2\/pages"}],"about":[{"href":"https:\/\/blog.veggie-freivon.de\/index.php\/wp-json\/wp\/v2\/types\/page"}],"author":[{"embeddable":true,"href":"https:\/\/blog.veggie-freivon.de\/index.php\/wp-json\/wp\/v2\/users\/12"}],"replies":[{"embeddable":true,"href":"https:\/\/blog.veggie-freivon.de\/index.php\/wp-json\/wp\/v2\/comments?post=52"}],"version-history":[{"count":5,"href":"https:\/\/blog.veggie-freivon.de\/index.php\/wp-json\/wp\/v2\/pages\/52\/revisions"}],"predecessor-version":[{"id":3070,"href":"https:\/\/blog.veggie-freivon.de\/index.php\/wp-json\/wp\/v2\/pages\/52\/revisions\/3070"}],"wp:attachment":[{"href":"https:\/\/blog.veggie-freivon.de\/index.php\/wp-json\/wp\/v2\/media?parent=52"}],"curies":[{"name":"wp","href":"https:\/\/api.w.org\/{rel}","templated":true}]}}